{"id":1054,"date":"2022-08-28T18:28:25","date_gmt":"2022-08-28T23:28:25","guid":{"rendered":"https:\/\/www.tgdworldwide.com\/?page_id=1054"},"modified":"2023-03-09T21:05:25","modified_gmt":"2023-03-10T02:05:25","slug":"quienes-somos","status":"publish","type":"page","link":"https:\/\/tgdworldwide.com\/en\/quienes-somos\/","title":{"rendered":"About"},"content":{"rendered":"\t\t<div data-elementor-type=\"wp-page\" data-elementor-id=\"1054\" class=\"elementor elementor-1054\">\n\t\t\t\t\t\t<section class=\"elementor-section elementor-top-section elementor-element elementor-element-a8d6b1a elementor-section-full_width elementor-section-height-default elementor-section-height-default\" data-id=\"a8d6b1a\" data-element_type=\"section\" data-e-type=\"section\" data-settings=\"{&quot;jet_parallax_layout_list&quot;:[],&quot;background_background&quot;:&quot;gradient&quot;}\">\n\t\t\t\t\t\t<div class=\"elementor-container elementor-column-gap-default\">\n\t\t\t\t\t<div class=\"elementor-column elementor-col-50 elementor-top-column elementor-element elementor-element-00ed534\" data-id=\"00ed534\" data-element_type=\"column\" data-e-type=\"column\" data-settings=\"{&quot;background_background&quot;:&quot;slideshow&quot;,&quot;background_slideshow_gallery&quot;:[{&quot;id&quot;:2240,&quot;url&quot;:&quot;https:\\\/\\\/www.tgdworldwide.com\\\/wp-content\\\/uploads\\\/2023\\\/02\\\/TGD-Crossdocking.jpg&quot;},{&quot;id&quot;:2239,&quot;url&quot;:&quot;https:\\\/\\\/www.tgdworldwide.com\\\/wp-content\\\/uploads\\\/2023\\\/02\\\/Valor-Agregado-tgd.jpg&quot;},{&quot;id&quot;:2238,&quot;url&quot;:&quot;https:\\\/\\\/www.tgdworldwide.com\\\/wp-content\\\/uploads\\\/2023\\\/02\\\/tgd-quienes-somos.jpeg&quot;},{&quot;id&quot;:2224,&quot;url&quot;:&quot;https:\\\/\\\/www.tgdworldwide.com\\\/wp-content\\\/uploads\\\/2023\\\/02\\\/quienes-somos-tgd-www.jpg&quot;}],&quot;background_slideshow_ken_burns&quot;:&quot;yes&quot;,&quot;background_slideshow_loop&quot;:&quot;yes&quot;,&quot;background_slideshow_slide_duration&quot;:5000,&quot;background_slideshow_slide_transition&quot;:&quot;fade&quot;,&quot;background_slideshow_transition_duration&quot;:500,&quot;background_slideshow_ken_burns_zoom_direction&quot;:&quot;in&quot;}\">\n\t\t\t<div class=\"elementor-widget-wrap elementor-element-populated\">\n\t\t\t\t\t\t<div class=\"elementor-element elementor-element-152d786 elementor-widget elementor-widget-spacer\" data-id=\"152d786\" data-element_type=\"widget\" data-e-type=\"widget\" data-widget_type=\"spacer.default\">\n\t\t\t\t<div class=\"elementor-widget-container\">\n\t\t\t\t\t\t\t<div class=\"elementor-spacer\">\n\t\t\t<div class=\"elementor-spacer-inner\"><\/div>\n\t\t<\/div>\n\t\t\t\t\t\t<\/div>\n\t\t\t\t<\/div>\n\t\t\t\t\t<\/div>\n\t\t<\/div>\n\t\t\t\t<div class=\"elementor-column elementor-col-50 elementor-top-column elementor-element elementor-element-f888299\" data-id=\"f888299\" data-element_type=\"column\" data-e-type=\"column\">\n\t\t\t<div class=\"elementor-widget-wrap elementor-element-populated\">\n\t\t\t\t\t\t<section class=\"elementor-section elementor-inner-section elementor-element elementor-element-8837ede elementor-section-boxed elementor-section-height-default elementor-section-height-default\" data-id=\"8837ede\" data-element_type=\"section\" data-e-type=\"section\" data-settings=\"{&quot;jet_parallax_layout_list&quot;:[],&quot;background_background&quot;:&quot;classic&quot;}\">\n\t\t\t\t\t\t<div class=\"elementor-container elementor-column-gap-default\">\n\t\t\t\t\t<div class=\"elementor-column elementor-col-50 elementor-inner-column elementor-element elementor-element-4773b0c\" data-id=\"4773b0c\" data-element_type=\"column\" data-e-type=\"column\" data-settings=\"{&quot;background_background&quot;:&quot;classic&quot;}\">\n\t\t\t<div class=\"elementor-widget-wrap elementor-element-populated\">\n\t\t\t\t\t\t<div class=\"elementor-element elementor-element-9a5e2f7 elementor-widget elementor-widget-spacer\" data-id=\"9a5e2f7\" data-element_type=\"widget\" data-e-type=\"widget\" data-widget_type=\"spacer.default\">\n\t\t\t\t<div class=\"elementor-widget-container\">\n\t\t\t\t\t\t\t<div class=\"elementor-spacer\">\n\t\t\t<div class=\"elementor-spacer-inner\"><\/div>\n\t\t<\/div>\n\t\t\t\t\t\t<\/div>\n\t\t\t\t<\/div>\n\t\t\t\t\t<\/div>\n\t\t<\/div>\n\t\t\t\t<div class=\"elementor-column elementor-col-50 elementor-inner-column elementor-element elementor-element-abbef53\" data-id=\"abbef53\" data-element_type=\"column\" data-e-type=\"column\" data-settings=\"{&quot;background_background&quot;:&quot;classic&quot;}\">\n\t\t\t<div class=\"elementor-widget-wrap elementor-element-populated\">\n\t\t\t\t\t\t<div class=\"elementor-element elementor-element-d499ac1 elementor-widget elementor-widget-heading\" data-id=\"d499ac1\" data-element_type=\"widget\" data-e-type=\"widget\" data-widget_type=\"heading.default\">\n\t\t\t\t<div class=\"elementor-widget-container\">\n\t\t\t\t\t<h2 class=\"elementor-heading-title elementor-size-default\">Nuestra confiable red de agentes<span style=\"color: #FF0000\"> nos permite brindar soluciones log\u00edsticas de alto valor<\/h2>\t\t\t\t<\/div>\n\t\t\t\t<\/div>\n\t\t\t\t<div class=\"elementor-element elementor-element-329a389 elementor-widget-divider--view-line elementor-widget elementor-widget-divider\" data-id=\"329a389\" data-element_type=\"widget\" data-e-type=\"widget\" data-widget_type=\"divider.default\">\n\t\t\t\t<div class=\"elementor-widget-container\">\n\t\t\t\t\t\t\t<div class=\"elementor-divider\">\n\t\t\t<span class=\"elementor-divider-separator\">\n\t\t\t\t\t\t<\/span>\n\t\t<\/div>\n\t\t\t\t\t\t<\/div>\n\t\t\t\t<\/div>\n\t\t\t\t<div class=\"elementor-element elementor-element-7d0e7b3 elementor-widget elementor-widget-text-editor\" data-id=\"7d0e7b3\" data-element_type=\"widget\" data-e-type=\"widget\" data-widget_type=\"text-editor.default\">\n\t\t\t\t<div class=\"elementor-widget-container\">\n\t\t\t\t\t\t\t\t\t<p>Una ventanilla \u00fanica para los clientes que requieren un socio de confianza en la region.<\/p>\t\t\t\t\t\t\t\t<\/div>\n\t\t\t\t<\/div>\n\t\t\t\t<div class=\"elementor-element elementor-element-91c9b7b elementor-widget elementor-widget-button\" data-id=\"91c9b7b\" data-element_type=\"widget\" data-e-type=\"widget\" data-widget_type=\"button.default\">\n\t\t\t\t<div class=\"elementor-widget-container\">\n\t\t\t\t\t\t\t\t\t<div class=\"elementor-button-wrapper\">\n\t\t\t\t\t<a class=\"elementor-button elementor-button-link elementor-size-sm\" href=\"#\">\n\t\t\t\t\t\t<span class=\"elementor-button-content-wrapper\">\n\t\t\t\t\t\t\t\t\t<span class=\"elementor-button-text\">Contacto<\/span>\n\t\t\t\t\t<\/span>\n\t\t\t\t\t<\/a>\n\t\t\t\t<\/div>\n\t\t\t\t\t\t\t\t<\/div>\n\t\t\t\t<\/div>\n\t\t\t\t\t<\/div>\n\t\t<\/div>\n\t\t\t\t\t<\/div>\n\t\t<\/section>\n\t\t\t\t\t<\/div>\n\t\t<\/div>\n\t\t\t\t\t<\/div>\n\t\t<\/section>\n\t\t\t\t<section class=\"elementor-section elementor-top-section elementor-element elementor-element-28f65fd5 elementor-section-full_width elementor-section-height-default elementor-section-height-default\" data-id=\"28f65fd5\" data-element_type=\"section\" data-e-type=\"section\" data-settings=\"{&quot;background_background&quot;:&quot;classic&quot;,&quot;jet_parallax_layout_list&quot;:[]}\">\n\t\t\t\t\t\t<div class=\"elementor-container elementor-column-gap-default\">\n\t\t\t\t\t<div class=\"elementor-column elementor-col-50 elementor-top-column elementor-element elementor-element-4c9cabd8\" data-id=\"4c9cabd8\" data-element_type=\"column\" data-e-type=\"column\" data-settings=\"{&quot;background_background&quot;:&quot;classic&quot;}\">\n\t\t\t<div class=\"elementor-widget-wrap elementor-element-populated\">\n\t\t\t\t\t\t<div class=\"elementor-element elementor-element-13e839f elementor-widget elementor-widget-heading\" data-id=\"13e839f\" data-element_type=\"widget\" data-e-type=\"widget\" data-widget_type=\"heading.default\">\n\t\t\t\t<div class=\"elementor-widget-container\">\n\t\t\t\t\t<h2 class=\"elementor-heading-title elementor-size-default\">Quienes somos<\/h2>\t\t\t\t<\/div>\n\t\t\t\t<\/div>\n\t\t\t\t<div class=\"elementor-element elementor-element-2c690ca8 elementor-widget-divider--view-line elementor-widget elementor-widget-divider\" data-id=\"2c690ca8\" data-element_type=\"widget\" data-e-type=\"widget\" data-widget_type=\"divider.default\">\n\t\t\t\t<div class=\"elementor-widget-container\">\n\t\t\t\t\t\t\t<div class=\"elementor-divider\">\n\t\t\t<span class=\"elementor-divider-separator\">\n\t\t\t\t\t\t<\/span>\n\t\t<\/div>\n\t\t\t\t\t\t<\/div>\n\t\t\t\t<\/div>\n\t\t\t\t<div class=\"elementor-element elementor-element-d685f89 elementor-widget elementor-widget-spacer\" data-id=\"d685f89\" data-element_type=\"widget\" data-e-type=\"widget\" data-widget_type=\"spacer.default\">\n\t\t\t\t<div class=\"elementor-widget-container\">\n\t\t\t\t\t\t\t<div class=\"elementor-spacer\">\n\t\t\t<div class=\"elementor-spacer-inner\"><\/div>\n\t\t<\/div>\n\t\t\t\t\t\t<\/div>\n\t\t\t\t<\/div>\n\t\t\t\t\t<\/div>\n\t\t<\/div>\n\t\t\t\t<div class=\"elementor-column elementor-col-50 elementor-top-column elementor-element elementor-element-469f8e3e\" data-id=\"469f8e3e\" data-element_type=\"column\" data-e-type=\"column\" data-settings=\"{&quot;background_background&quot;:&quot;classic&quot;}\">\n\t\t\t<div class=\"elementor-widget-wrap elementor-element-populated\">\n\t\t\t\t\t\t<div class=\"elementor-element elementor-element-613afdbc elementor-widget elementor-widget-text-editor\" data-id=\"613afdbc\" data-element_type=\"widget\" data-e-type=\"widget\" data-widget_type=\"text-editor.default\">\n\t\t\t\t<div class=\"elementor-widget-container\">\n\t\t\t\t\t\t\t\t\t<p>TGD Worldwide Inc, desde Setiembre de 1997, es pionero en Zona Libre de Col\u00f3n, Panam\u00e1, en el manejo de transbordo de carga consolidada, opera como agente de carga Neutral NVOCC (Non-Vessel-Operating Common Carrier), ofertando servicios recurrentes de consolidaci\u00f3n de carga v\u00eda terrestre, a\u00e9rea y mar\u00edtima; moviendo carga consolidada desde Asia hacia El Caribe, Centroam\u00e9rica y Suram\u00e9rica, v\u00eda Panam\u00e1.<\/p><p>Desde el 2005, forma parte de Corporaci\u00f3n ILG Logistics, una de las empresas de log\u00edstica m\u00e1s reconocidas y s\u00f3lidas de Centroam\u00e9rica en soluciones log\u00edsticas de cadena de suministro.<\/p>\t\t\t\t\t\t\t\t<\/div>\n\t\t\t\t<\/div>\n\t\t\t\t\t<\/div>\n\t\t<\/div>\n\t\t\t\t\t<\/div>\n\t\t<\/section>\n\t\t\t\t<section class=\"elementor-section elementor-top-section elementor-element elementor-element-e3f47c7 elementor-section-full_width elementor-section-height-default elementor-section-height-default\" data-id=\"e3f47c7\" data-element_type=\"section\" data-e-type=\"section\" id=\"mision\" data-settings=\"{&quot;background_background&quot;:&quot;classic&quot;,&quot;jet_parallax_layout_list&quot;:[]}\">\n\t\t\t\t\t\t<div class=\"elementor-container elementor-column-gap-default\">\n\t\t\t\t\t<div class=\"elementor-column elementor-col-50 elementor-top-column elementor-element elementor-element-cb6e520\" data-id=\"cb6e520\" data-element_type=\"column\" data-e-type=\"column\" data-settings=\"{&quot;background_background&quot;:&quot;classic&quot;}\">\n\t\t\t<div class=\"elementor-widget-wrap elementor-element-populated\">\n\t\t\t\t\t\t<div class=\"elementor-element elementor-element-c6ed2fd elementor-widget elementor-widget-heading\" data-id=\"c6ed2fd\" data-element_type=\"widget\" data-e-type=\"widget\" data-widget_type=\"heading.default\">\n\t\t\t\t<div class=\"elementor-widget-container\">\n\t\t\t\t\t<h2 class=\"elementor-heading-title elementor-size-default\">Misi\u00f3n<\/h2>\t\t\t\t<\/div>\n\t\t\t\t<\/div>\n\t\t\t\t<div class=\"elementor-element elementor-element-e83013c elementor-widget-divider--view-line elementor-widget elementor-widget-divider\" data-id=\"e83013c\" data-element_type=\"widget\" data-e-type=\"widget\" data-widget_type=\"divider.default\">\n\t\t\t\t<div class=\"elementor-widget-container\">\n\t\t\t\t\t\t\t<div class=\"elementor-divider\">\n\t\t\t<span class=\"elementor-divider-separator\">\n\t\t\t\t\t\t<\/span>\n\t\t<\/div>\n\t\t\t\t\t\t<\/div>\n\t\t\t\t<\/div>\n\t\t\t\t<div class=\"elementor-element elementor-element-fc829a3 elementor-widget elementor-widget-text-editor\" data-id=\"fc829a3\" data-element_type=\"widget\" data-e-type=\"widget\" data-widget_type=\"text-editor.default\">\n\t\t\t\t<div class=\"elementor-widget-container\">\n\t\t\t\t\t\t\t\t\t<p>Proporcionar a nuestros clientes de servicios de log\u00edstica de calidad en Am\u00e9rica Central y el Caribe a trav\u00e9s de la Zona Libre de Col\u00f3n, mejorando sus operaciones y expandiendo el mercado regional.<\/p>\t\t\t\t\t\t\t\t<\/div>\n\t\t\t\t<\/div>\n\t\t\t\t<div class=\"elementor-element elementor-element-2c6c794 elementor-widget elementor-widget-heading\" data-id=\"2c6c794\" data-element_type=\"widget\" data-e-type=\"widget\" data-widget_type=\"heading.default\">\n\t\t\t\t<div class=\"elementor-widget-container\">\n\t\t\t\t\t<h2 class=\"elementor-heading-title elementor-size-default\">Visi\u00f3n<\/h2>\t\t\t\t<\/div>\n\t\t\t\t<\/div>\n\t\t\t\t<div class=\"elementor-element elementor-element-8000d07 elementor-widget-divider--view-line elementor-widget elementor-widget-divider\" data-id=\"8000d07\" data-element_type=\"widget\" data-e-type=\"widget\" data-widget_type=\"divider.default\">\n\t\t\t\t<div class=\"elementor-widget-container\">\n\t\t\t\t\t\t\t<div class=\"elementor-divider\">\n\t\t\t<span class=\"elementor-divider-separator\">\n\t\t\t\t\t\t<\/span>\n\t\t<\/div>\n\t\t\t\t\t\t<\/div>\n\t\t\t\t<\/div>\n\t\t\t\t<div class=\"elementor-element elementor-element-be4432f elementor-widget elementor-widget-text-editor\" data-id=\"be4432f\" data-element_type=\"widget\" data-e-type=\"widget\" data-widget_type=\"text-editor.default\">\n\t\t\t\t<div class=\"elementor-widget-container\">\n\t\t\t\t\t\t\t\t\t<p>Ser reconocidos como el proveedor de servicios log\u00edsticos m\u00e1s competitivo para la regi\u00f3n.<\/p>\t\t\t\t\t\t\t\t<\/div>\n\t\t\t\t<\/div>\n\t\t\t\t\t<\/div>\n\t\t<\/div>\n\t\t\t\t<div class=\"elementor-column elementor-col-50 elementor-top-column elementor-element elementor-element-4ab444c\" data-id=\"4ab444c\" data-element_type=\"column\" data-e-type=\"column\" data-settings=\"{&quot;background_background&quot;:&quot;classic&quot;}\">\n\t\t\t<div class=\"elementor-widget-wrap\">\n\t\t\t\t\t\t\t<\/div>\n\t\t<\/div>\n\t\t\t\t\t<\/div>\n\t\t<\/section>\n\t\t\t\t<section class=\"elementor-section elementor-top-section elementor-element elementor-element-79bd538 elementor-section-full_width elementor-section-height-default elementor-section-height-default\" data-id=\"79bd538\" data-element_type=\"section\" data-e-type=\"section\" data-settings=\"{&quot;background_background&quot;:&quot;classic&quot;,&quot;jet_parallax_layout_list&quot;:[]}\">\n\t\t\t\t\t\t<div class=\"elementor-container elementor-column-gap-default\">\n\t\t\t\t\t<div class=\"elementor-column elementor-col-100 elementor-top-column elementor-element elementor-element-547fc6b9\" data-id=\"547fc6b9\" data-element_type=\"column\" data-e-type=\"column\" data-settings=\"{&quot;background_background&quot;:&quot;classic&quot;}\">\n\t\t\t<div class=\"elementor-widget-wrap elementor-element-populated\">\n\t\t\t\t\t\t<div class=\"elementor-element elementor-element-c7cac8c elementor-widget elementor-widget-heading\" data-id=\"c7cac8c\" data-element_type=\"widget\" data-e-type=\"widget\" data-widget_type=\"heading.default\">\n\t\t\t\t<div class=\"elementor-widget-container\">\n\t\t\t\t\t<h2 class=\"elementor-heading-title elementor-size-default\">Nuestros Valores<\/h2>\t\t\t\t<\/div>\n\t\t\t\t<\/div>\n\t\t\t\t<div class=\"elementor-element elementor-element-c7f521d elementor-widget-divider--view-line elementor-widget elementor-widget-divider\" data-id=\"c7f521d\" data-element_type=\"widget\" data-e-type=\"widget\" data-widget_type=\"divider.default\">\n\t\t\t\t<div class=\"elementor-widget-container\">\n\t\t\t\t\t\t\t<div class=\"elementor-divider\">\n\t\t\t<span class=\"elementor-divider-separator\">\n\t\t\t\t\t\t<\/span>\n\t\t<\/div>\n\t\t\t\t\t\t<\/div>\n\t\t\t\t<\/div>\n\t\t\t\t<div class=\"elementor-element elementor-element-30f518a elementor-widget elementor-widget-jet-brands\" data-id=\"30f518a\" data-element_type=\"widget\" data-e-type=\"widget\" data-widget_type=\"jet-brands.default\">\n\t\t\t\t<div class=\"elementor-widget-container\">\n\t\t\t\t\t<div class=\"elementor-jet-brands jet-elements\"><div class=\"brands-wrap\">\n\t<div class=\"brands-list col-row\"><div class=\"brands-list__item\"><a class=\"brands-list__item-link\" href=\"#\"><div class=\"brands-list__item-img-wrap\"><img decoding=\"async\" src=\"https:\/\/www.tgdworldwide.com\/wp-content\/uploads\/2022\/08\/tgd-worldwide-excelencia-en-el-servicio.webp\" alt=\"tgd-worldwide-excelencia-en-el-servicio\" class=\"brands-list__item-img\" loading=\"lazy\"><\/div><h5 class=\"brands-list__item-name\">Excelencia<\/h5><\/a><\/div>\n<div class=\"brands-list__item\"><a class=\"brands-list__item-link\" href=\"#\"><div class=\"brands-list__item-img-wrap\"><img decoding=\"async\" src=\"https:\/\/www.tgdworldwide.com\/wp-content\/uploads\/2022\/08\/tgdimprtar-desde-china-a-centroamerica.webp\" alt=\"tgdimprtar-desde-china-a-centroamerica\" class=\"brands-list__item-img\" loading=\"lazy\"><\/div><h5 class=\"brands-list__item-name\">Creatividad<\/h5><\/a><\/div>\n<div class=\"brands-list__item\"><a class=\"brands-list__item-link\" href=\"#\"><div class=\"brands-list__item-img-wrap\"><img decoding=\"async\" src=\"https:\/\/www.tgdworldwide.com\/wp-content\/uploads\/2022\/08\/tgd-innovacion-en-importacion-a-zona-libre-panama.webp\" alt=\"tgd-innovacion-en-importacion-a-zona-libre-panama\" class=\"brands-list__item-img\" loading=\"lazy\"><\/div><h5 class=\"brands-list__item-name\">Integridad<\/h5><\/a><\/div>\n<div class=\"brands-list__item\"><a class=\"brands-list__item-link\" href=\"#\"><div class=\"brands-list__item-img-wrap\"><img decoding=\"async\" src=\"https:\/\/www.tgdworldwide.com\/wp-content\/uploads\/2022\/08\/importaciones-seguras-a-centroamerica.webp\" alt=\"importaciones-seguras-a-centroamerica\" class=\"brands-list__item-img\" loading=\"lazy\"><\/div><h5 class=\"brands-list__item-name\">Responsabilidad<\/h5><\/a><\/div>\n<div class=\"brands-list__item\"><a class=\"brands-list__item-link\" href=\"#\"><div class=\"brands-list__item-img-wrap\"><img decoding=\"async\" src=\"https:\/\/www.tgdworldwide.com\/wp-content\/uploads\/2022\/08\/equipo-de-trabajo-especializado-en-importaciones-y-exportaciones.webp\" alt=\"equipo-de-trabajo-especializado-en-importaciones-y-exportaciones\" class=\"brands-list__item-img\" loading=\"lazy\"><\/div><h5 class=\"brands-list__item-name\">Trabajo en equipo<\/h5><\/a><\/div>\n<\/div><\/div><\/div>\t\t\t\t<\/div>\n\t\t\t\t<\/div>\n\t\t\t\t\t<\/div>\n\t\t<\/div>\n\t\t\t\t\t<\/div>\n\t\t<\/section>\n\t\t\t\t<\/div>\n\t\t","protected":false},"excerpt":{"rendered":"<p>Nuestra confiable red de agentes nos permite brindar soluciones log\u00edsticas de alto valor Una ventanilla \u00fanica para los clientes que requieren un socio de confianza en la region. Contacto Quienes somos TGD Worldwide Inc, desde Setiembre de 1997, es pionero en Zona Libre de Col\u00f3n, Panam\u00e1, en el manejo de transbordo de carga consolidada, opera [&hellip;]<\/p>\n","protected":false},"author":1,"featured_media":0,"parent":0,"menu_order":0,"comment_status":"closed","ping_status":"closed","template":"elementor_header_footer","meta":{"footnotes":""},"class_list":["post-1054","page","type-page","status-publish","hentry"],"yoast_head":"<!-- This site is optimized with the Yoast SEO plugin v21.3 - https:\/\/yoast.com\/wordpress\/plugins\/seo\/ -->\n<title>Quienes somos - TGD Worldwide<\/title>\n<meta name=\"robots\" content=\"index, follow, max-snippet:-1, max-image-preview:large, max-video-preview:-1\" \/>\n<link rel=\"canonical\" href=\"https:\/\/tgdworldwide.com\/en\/quienes-somos\/\" \/>\n<meta property=\"og:locale\" content=\"en_US\" \/>\n<meta property=\"og:type\" content=\"article\" \/>\n<meta property=\"og:title\" content=\"Quienes somos - TGD Worldwide\" \/>\n<meta property=\"og:description\" content=\"Nuestra confiable red de agentes nos permite brindar soluciones log\u00edsticas de alto valor Una ventanilla \u00fanica para los clientes que requieren un socio de confianza en la region. Contacto Quienes somos TGD Worldwide Inc, desde Setiembre de 1997, es pionero en Zona Libre de Col\u00f3n, Panam\u00e1, en el manejo de transbordo de carga consolidada, opera [&hellip;]\" \/>\n<meta property=\"og:url\" content=\"https:\/\/tgdworldwide.com\/en\/quienes-somos\/\" \/>\n<meta property=\"og:site_name\" content=\"TGD Worldwide\" \/>\n<meta property=\"article:publisher\" content=\"https:\/\/www.facebook.com\/TGDWorldwidePA\/\" \/>\n<meta property=\"article:modified_time\" content=\"2023-03-10T02:05:25+00:00\" \/>\n<meta property=\"og:image\" content=\"https:\/\/www.tgdworldwide.com\/wp-content\/uploads\/2022\/08\/tgd-worldwide-excelencia-en-el-servicio.webp\" \/>\n<meta name=\"twitter:card\" content=\"summary_large_image\" \/>\n<meta name=\"twitter:label1\" content=\"Est. reading time\" \/>\n\t<meta name=\"twitter:data1\" content=\"1 minute\" \/>\n<script type=\"application\/ld+json\" class=\"yoast-schema-graph\">{\"@context\":\"https:\/\/schema.org\",\"@graph\":[{\"@type\":\"WebPage\",\"@id\":\"https:\/\/tgdworldwide.com\/quienes-somos\/\",\"url\":\"https:\/\/tgdworldwide.com\/quienes-somos\/\",\"name\":\"Quienes somos - TGD Worldwide\",\"isPartOf\":{\"@id\":\"https:\/\/tgdworldwide.com\/#website\"},\"datePublished\":\"2022-08-28T23:28:25+00:00\",\"dateModified\":\"2023-03-10T02:05:25+00:00\",\"breadcrumb\":{\"@id\":\"https:\/\/tgdworldwide.com\/quienes-somos\/#breadcrumb\"},\"inLanguage\":\"en-US\",\"potentialAction\":[{\"@type\":\"ReadAction\",\"target\":[\"https:\/\/tgdworldwide.com\/quienes-somos\/\"]}]},{\"@type\":\"BreadcrumbList\",\"@id\":\"https:\/\/tgdworldwide.com\/quienes-somos\/#breadcrumb\",\"itemListElement\":[{\"@type\":\"ListItem\",\"position\":1,\"name\":\"Portada\",\"item\":\"https:\/\/tgdworldwide.com\/\"},{\"@type\":\"ListItem\",\"position\":2,\"name\":\"Quienes somos\"}]},{\"@type\":\"WebSite\",\"@id\":\"https:\/\/tgdworldwide.com\/#website\",\"url\":\"https:\/\/tgdworldwide.com\/\",\"name\":\"TGD Worldwide\",\"description\":\"\",\"publisher\":{\"@id\":\"https:\/\/tgdworldwide.com\/#organization\"},\"potentialAction\":[{\"@type\":\"SearchAction\",\"target\":{\"@type\":\"EntryPoint\",\"urlTemplate\":\"https:\/\/tgdworldwide.com\/?s={search_term_string}\"},\"query-input\":\"required name=search_term_string\"}],\"inLanguage\":\"en-US\"},{\"@type\":\"Organization\",\"@id\":\"https:\/\/tgdworldwide.com\/#organization\",\"name\":\"TGD Worldwide\",\"url\":\"https:\/\/tgdworldwide.com\/\",\"logo\":{\"@type\":\"ImageObject\",\"inLanguage\":\"en-US\",\"@id\":\"https:\/\/tgdworldwide.com\/#\/schema\/logo\/image\/\",\"url\":\"https:\/\/tgdworldwide.com\/wp-content\/uploads\/2022\/08\/tgd-worldwide-ogo.webp\",\"contentUrl\":\"https:\/\/tgdworldwide.com\/wp-content\/uploads\/2022\/08\/tgd-worldwide-ogo.webp\",\"width\":206,\"height\":82,\"caption\":\"TGD Worldwide\"},\"image\":{\"@id\":\"https:\/\/tgdworldwide.com\/#\/schema\/logo\/image\/\"},\"sameAs\":[\"https:\/\/www.facebook.com\/TGDWorldwidePA\/\",\"https:\/\/www.instagram.com\/tgdworldwide_cr\"]}]}<\/script>\n<!-- \/ Yoast SEO plugin. -->","yoast_head_json":{"title":"Quienes somos - TGD Worldwide","robots":{"index":"index","follow":"follow","max-snippet":"max-snippet:-1","max-image-preview":"max-image-preview:large","max-video-preview":"max-video-preview:-1"},"canonical":"https:\/\/tgdworldwide.com\/en\/quienes-somos\/","og_locale":"en_US","og_type":"article","og_title":"Quienes somos - TGD Worldwide","og_description":"Nuestra confiable red de agentes nos permite brindar soluciones log\u00edsticas de alto valor Una ventanilla \u00fanica para los clientes que requieren un socio de confianza en la region. Contacto Quienes somos TGD Worldwide Inc, desde Setiembre de 1997, es pionero en Zona Libre de Col\u00f3n, Panam\u00e1, en el manejo de transbordo de carga consolidada, opera [&hellip;]","og_url":"https:\/\/tgdworldwide.com\/en\/quienes-somos\/","og_site_name":"TGD Worldwide","article_publisher":"https:\/\/www.facebook.com\/TGDWorldwidePA\/","article_modified_time":"2023-03-10T02:05:25+00:00","og_image":[{"url":"https:\/\/www.tgdworldwide.com\/wp-content\/uploads\/2022\/08\/tgd-worldwide-excelencia-en-el-servicio.webp"}],"twitter_card":"summary_large_image","twitter_misc":{"Est. reading time":"1 minute"},"schema":{"@context":"https:\/\/schema.org","@graph":[{"@type":"WebPage","@id":"https:\/\/tgdworldwide.com\/quienes-somos\/","url":"https:\/\/tgdworldwide.com\/quienes-somos\/","name":"Quienes somos - TGD Worldwide","isPartOf":{"@id":"https:\/\/tgdworldwide.com\/#website"},"datePublished":"2022-08-28T23:28:25+00:00","dateModified":"2023-03-10T02:05:25+00:00","breadcrumb":{"@id":"https:\/\/tgdworldwide.com\/quienes-somos\/#breadcrumb"},"inLanguage":"en-US","potentialAction":[{"@type":"ReadAction","target":["https:\/\/tgdworldwide.com\/quienes-somos\/"]}]},{"@type":"BreadcrumbList","@id":"https:\/\/tgdworldwide.com\/quienes-somos\/#breadcrumb","itemListElement":[{"@type":"ListItem","position":1,"name":"Portada","item":"https:\/\/tgdworldwide.com\/"},{"@type":"ListItem","position":2,"name":"Quienes somos"}]},{"@type":"WebSite","@id":"https:\/\/tgdworldwide.com\/#website","url":"https:\/\/tgdworldwide.com\/","name":"TGD Worldwide","description":"","publisher":{"@id":"https:\/\/tgdworldwide.com\/#organization"},"potentialAction":[{"@type":"SearchAction","target":{"@type":"EntryPoint","urlTemplate":"https:\/\/tgdworldwide.com\/?s={search_term_string}"},"query-input":"required name=search_term_string"}],"inLanguage":"en-US"},{"@type":"Organization","@id":"https:\/\/tgdworldwide.com\/#organization","name":"TGD Worldwide","url":"https:\/\/tgdworldwide.com\/","logo":{"@type":"ImageObject","inLanguage":"en-US","@id":"https:\/\/tgdworldwide.com\/#\/schema\/logo\/image\/","url":"https:\/\/tgdworldwide.com\/wp-content\/uploads\/2022\/08\/tgd-worldwide-ogo.webp","contentUrl":"https:\/\/tgdworldwide.com\/wp-content\/uploads\/2022\/08\/tgd-worldwide-ogo.webp","width":206,"height":82,"caption":"TGD Worldwide"},"image":{"@id":"https:\/\/tgdworldwide.com\/#\/schema\/logo\/image\/"},"sameAs":["https:\/\/www.facebook.com\/TGDWorldwidePA\/","https:\/\/www.instagram.com\/tgdworldwide_cr"]}]}},"_links":{"self":[{"href":"https:\/\/tgdworldwide.com\/en\/wp-json\/wp\/v2\/pages\/1054","targetHints":{"allow":["GET"]}}],"collection":[{"href":"https:\/\/tgdworldwide.com\/en\/wp-json\/wp\/v2\/pages"}],"about":[{"href":"https:\/\/tgdworldwide.com\/en\/wp-json\/wp\/v2\/types\/page"}],"author":[{"embeddable":true,"href":"https:\/\/tgdworldwide.com\/en\/wp-json\/wp\/v2\/users\/1"}],"replies":[{"embeddable":true,"href":"https:\/\/tgdworldwide.com\/en\/wp-json\/wp\/v2\/comments?post=1054"}],"version-history":[{"count":112,"href":"https:\/\/tgdworldwide.com\/en\/wp-json\/wp\/v2\/pages\/1054\/revisions"}],"predecessor-version":[{"id":2694,"href":"https:\/\/tgdworldwide.com\/en\/wp-json\/wp\/v2\/pages\/1054\/revisions\/2694"}],"wp:attachment":[{"href":"https:\/\/tgdworldwide.com\/en\/wp-json\/wp\/v2\/media?parent=1054"}],"curies":[{"name":"wp","href":"https:\/\/api.w.org\/{rel}","templated":true}]}}